{"id":2174,"date":"2024-11-25T15:25:19","date_gmt":"2024-11-25T13:25:19","guid":{"rendered":"https:\/\/vismc.lt\/?page_id=2174"},"modified":"2025-01-30T09:27:35","modified_gmt":"2025-01-30T07:27:35","slug":"asmens-duomenu-apsauga","status":"publish","type":"page","link":"https:\/\/vismc.lt\/en\/asmens-duomenu-apsauga\/","title":{"rendered":"Personal data protection"},"content":{"rendered":"<div data-elementor-type=\"wp-page\" data-elementor-id=\"2174\" class=\"elementor elementor-2174\" data-elementor-settings=\"{&quot;ha_cmc_init_switcher&quot;:&quot;no&quot;}\">\n\t\t\t\t<div class=\"elementor-element elementor-element-b44db0e e-flex e-con-boxed e-con e-parent\" data-id=\"b44db0e\" data-element_type=\"container\" data-e-type=\"container\" data-settings=\"{&quot;shape_divider_top&quot;:&quot;abstract-web&quot;,&quot;_ha_eqh_enable&quot;:false}\">\n\t\t\t\t\t<div class=\"e-con-inner\">\n\t\t\t\t<div class=\"elementor-shape elementor-shape-top\" aria-hidden=\"true\" data-negative=\"false\">\n\t\t\t<svg xmlns=\"http:\/\/www.w3.org\/2000\/svg\" viewbox=\"0 0 4185 400\" preserveaspectratio=\"none\">\n<path class=\"elementor-shape-fill ha-shape-divider\" opacity=\"0.2\" d=\"M435.6,210.9c71.5,82.4,274,177.3,402,23.3c90.1-108.4,182,36,330-10c262.3-81.5,270,96,394,98\tc80,1.3,124.4-55.2,141.9-91.1c14.8-30.3,45.9-74.2,92.3-74.2c75,0,107.3,53.8,178.8,69.8c71.5,16,168.3-22.1,241.3,2.2\tc73,24.3,113.2,59,140.8,102.1s59.6,55.2,101.3,46.4c41.7-8.8,66.3-52.4,71.5-73.4c3.9-15.8,10.7-52.7,34.8-69\tc85.8-57.9,155.3-8.7,359.3,75.3c204,84,190,0,278-88c57.3-57.3,147-111.7,221.9-51.9c33.8,27,46.8,69.5,80.6,97.7\tc32.9,27.5,74.7,44.7,117.7,46.4c14.6,0.6,29.6-0.6,42.9-6.6c26.8-12.1,30.7-34.9,24-61c-3.5-13.6-7.6-28-3.6-41.5\tc16.3-54.4,116.7,8.5,141.5,23.5c47,28.4,99.3,68.2,156.9,67.4c62-0.9,115.2-95.8,180.7-114.3c12.1-3.4,20.6-14.3,20.6-26.9V0\tL1270.5,0L0,0l0,132.1c0,14.1,7.6,27.2,20.1,33.8C134.4,226.5,285.9,38.3,435.6,210.9z M3011.4,197.5c38.4-15.6,72-43.5,113.2-51.7\tc6.1-1.2,13.3-1.7,17.6,2.8c2.7,2.7,3.3,6.6,2.6,10.3c-0.6,3.4-2.4,6.8-4.8,9.3c-5,5.2-12,8-18.1,11.9\tc-16.5,10.7-25.4,29.5-35.6,46.3c-16.6,27.2-48,49.3-78.9,27.9C2970.8,229,2977.5,211.3,3011.4,197.5z M2363.7,198.7\tc1.3-14.8,16.5-25,31.2-27c20.4-2.8,41.2,5.8,56.4,19.7s25.3,32.5,32.6,51.7c3.8,10.2,7,21.1,5.2,31.8c-0.2,1.4-0.5,2.7-0.9,3.9\tc-7.4,26.6-40.5,19.8-58.7,7.6c-21.4-14.4-36.7-36.4-52.3-56.5C2370.2,220.6,2362.7,210.3,2363.7,198.7z M478.2,117.2\tc50.9-7.6,113.9,49.4,130.3,65.2c3.9,3.8,6.8,8.6,7.9,14c7.7,35.5-65.2,41.3-110.4-10C481,158,419.3,126,478.2,117.2z\"\/>\n<path class=\"elementor-shape-fill ha-shape-divider\" d=\"M2763.7,63c24.5,0.3,76.6,20.9,80.7,45.1c4.3,25.2-28.4,39-48.3,41.5c-31.3,4-75.5-9.8-87.7-42\tC2694.3,70.4,2736.1,62.7,2763.7,63z M1470.9,89.4c13.5-2.4,27.2,7.8,36.8,16c0,0,30,33,54.6,6.1c19.3-21.1,44.6-16.1,51.2,3\tc5.3,15.3-7.9,24.5-19.7,30.2c-5.5,2.7-11.1,5.4-16.6,8c-11.5,5.4-23.1,10.4-35.3,14.2c-13.9,4.4-28.5,7.3-43.1,7.5\tc-8.9,0.1-18.4-1.7-26.3-6.3c-9.6-5.6-15.7-14.6-18.6-25C1449.1,126.9,1448.4,93.5,1470.9,89.4z M0,32.3c0,4.8,0.9,9.6,2.7,14.1\tc50.1,127.6,97.6,18.3,207,43.8c120,28,195.5-171,471.5,67c79.3,68.4,96.5-51.8,158.5-81c116.1-54.8,138,72,248,113.8\tc115.5,43.9,234-84.5,308.3-35.1c13.4,8.9,21.5,22.8,34.9,32c16.7,11.5,35.8,19.5,56,22.3c55.7,7.8,114.5-11.7,209-65.4\tc94.5-53.7,163.8-31.9,198.5-12.4c34.7,19.5,87.2,46.7,144.9,46.7c57.8,0,69.3-56,69.3-56s10.5-83.2,62-91.8\tc51.5-8.6,92.4,33.4,125,64.6c39.8,38,89.8,15.9,136.5,11.9c58.7-5,116.2,19.1,167.9,44.1c63.5,30.7,129.7,65.9,200,60.1\tc65.2-5.4,121.6-45.1,175.8-81.7c58.8-39.7,120.2-73,193.2-70c165,6.9,285,83.1,387,93c102,9.9,129-193,204-93\tc73.9,98.4,139.1,210.5,412.2,36.2c8-5.1,12.8-14,12.8-23.5V0L0,0L0,32.3z\"\/>\n<\/svg>\n\t\t<\/div>\n\t\t\t\t<div class=\"elementor-element elementor-element-32fed4f elementor-widget elementor-widget-spacer\" data-id=\"32fed4f\" data-element_type=\"widget\" data-e-type=\"widget\" data-widget_type=\"spacer.default\">\n\t\t\t\t<div class=\"elementor-widget-container\">\n\t\t\t\t\t\t\t<div class=\"elementor-spacer\">\n\t\t\t<div class=\"elementor-spacer-inner\"><\/div>\n\t\t<\/div>\n\t\t\t\t\t\t<\/div>\n\t\t\t\t<\/div>\n\t\t\t\t\t<\/div>\n\t\t\t\t<\/div>\n\t\t<div class=\"elementor-element elementor-element-b114356 e-flex e-con-boxed e-con e-parent\" data-id=\"b114356\" data-element_type=\"container\" data-e-type=\"container\" data-settings=\"{&quot;_ha_eqh_enable&quot;:false}\">\n\t\t\t\t\t<div class=\"e-con-inner\">\n\t\t<div class=\"elementor-element elementor-element-052ef37 e-con-full e-flex e-con e-child\" data-id=\"052ef37\" data-element_type=\"container\" data-e-type=\"container\" data-settings=\"{&quot;_ha_eqh_enable&quot;:false}\">\n\t\t\t\t<div class=\"elementor-element elementor-element-fc80fd8 elementor-widget elementor-widget-text-editor\" data-id=\"fc80fd8\" data-element_type=\"widget\" data-e-type=\"widget\" data-widget_type=\"text-editor.default\">\n\t\t\t\t<div class=\"elementor-widget-container\">\n\t\t\t\t\t\t\t\t\t<p><b>S\u0105vokos ir nuorodos<\/b><\/p><p><b>Bendrasis duomen\u0173 apsaugos reglamentas,<\/b>\u00a0<b>Reglamentas (ES) 2016\/679, BDAR\u00a0<\/b>\u2013 2016 m. baland\u017eio 27 d. Europos Parlamento ir Tarybos reglamentas (ES) 2016\/679 d\u0117l fizini\u0173 asmen\u0173 apsaugos tvarkant asmens duomenis ir d\u0117l laisvo toki\u0173 duomen\u0173 jud\u0117jimo ir kuriuo panaikinama Direktyva 95\/46\/EB (Bendrasis duomen\u0173 apsaugos reglamentas).<\/p><p><b>Asmens duomenys<\/b>\u00a0\u2013 bet kokia informacija apie fizin\u012f asmen\u012f, kurio tapatyb\u0117 nustatyta arba kurio tapatyb\u0119 galima nustatyti (duomen\u0173 subjektas); fizinis asmuo, kurio tapatyb\u0119 galima nustatyti, yra asmuo, kurio tapatyb\u0119 tiesiogiai arba netiesiogiai galima nustatyti, vis\u0173 pirma pagal identifikatori\u0173, kaip antai vard\u0105 ir pavard\u0119, asmens identifikavimo numer\u012f, buvimo vietos duomenis ir interneto identifikatori\u0173 arba pagal vien\u0105 ar kelis to fizinio asmens fizin\u0117s, fiziologin\u0117s, genetin\u0117s, psichin\u0117s, ekonomin\u0117s, kult\u016brin\u0117s ar socialin\u0117s tapatyb\u0117s po\u017eymius.<\/p><p><b>Duomen\u0173 subjektas<\/b>\u00a0\u2013 fizinis asmuo, kuriam priklauso asmens duomenys.<\/p><p><b>Duomen\u0173 valdytojas<\/b>\u00a0\u2013 fizinis arba juridinis asmuo, vald\u017eios institucija, agent\u016bra ar kita \u012fstaiga, kuri nustato duomen\u0173 tvarkymo tikslus ir priemones.<\/p><p><b>Duomen\u0173 tvarkytojas<\/b>\u00a0\u2013 fizinis arba juridinis asmuo, vald\u017eios institucija, agent\u016bra ar kita \u012fstaiga, kuri duomen\u0173 valdytojo vardu tvarko asmens duomenis. Duomen\u0173 tvarkytojas veikia laikydamasis duomen\u0173 valdytojo nurodym\u0173.<\/p><p><b>Duomen\u0173 tvarkymas<\/b>\u00a0\u2013 bet kokia automatizuotomis arba neautomatizuotomis priemon\u0117mis su asmens duomenimis ar asmens duomen\u0173 rinkiniais atliekama operacija ar operacij\u0173 seka, kaip antai rinkimas, \u012fra\u0161ymas, r\u016b\u0161iavimas, sisteminimas, saugojimas, adaptavimas ar keitimas, i\u0161gava, susipa\u017einimas, naudojimas, atskleidimas persiun\u010diant, platinant ar kitu b\u016bdu sudarant galimyb\u0119 jais naudotis, taip pat sugretinimas ar sujungimas su kitais duomenimis, apribojimas, i\u0161trynimas arba sunaikinimas.<\/p><p><span style=\"text-decoration: underline;\"><a href=\"http:\/\/www.privacy-regulation.eu\/lt\/4.htm\"><strong>Bendrasis duomen\u0173 apsaugos reglamentas<\/strong><\/a><\/span><u><\/u><\/p><p><span style=\"text-decoration: underline;\"><strong><a href=\"https:\/\/www.e-tar.lt\/portal\/lt\/legalActEditions\/TAR.5368B592234C\">Lietuvos Respublikos asmens duomen\u0173 teisin\u0117s apsaugos \u012fstatymas<\/a><\/strong><\/span><\/p>\t\t\t\t\t\t\t\t<\/div>\n\t\t\t\t<\/div>\n\t\t\t\t<\/div>\n\t\t\t\t\t<\/div>\n\t\t\t\t<\/div>\n\t\t<div class=\"elementor-element elementor-element-f308c02 e-flex e-con-boxed e-con e-parent\" data-id=\"f308c02\" data-element_type=\"container\" data-e-type=\"container\" data-settings=\"{&quot;_ha_eqh_enable&quot;:false}\">\n\t\t\t\t\t<div class=\"e-con-inner\">\n\t\t\t\t\t<\/div>\n\t\t\t\t<\/div>\n\t\t<div class=\"elementor-element elementor-element-6c283bb e-flex e-con-boxed e-con e-parent\" data-id=\"6c283bb\" data-element_type=\"container\" data-e-type=\"container\" data-settings=\"{&quot;_ha_eqh_enable&quot;:false}\">\n\t\t\t\t\t<div class=\"e-con-inner\">\n\t\t\t\t<div class=\"elementor-element elementor-element-0b7ae2a elementor-widget elementor-widget-spacer\" data-id=\"0b7ae2a\" data-element_type=\"widget\" data-e-type=\"widget\" data-widget_type=\"spacer.default\">\n\t\t\t\t<div class=\"elementor-widget-container\">\n\t\t\t\t\t\t\t<div class=\"elementor-spacer\">\n\t\t\t<div class=\"elementor-spacer-inner\"><\/div>\n\t\t<\/div>\n\t\t\t\t\t\t<\/div>\n\t\t\t\t<\/div>\n\t\t\t\t\t<\/div>\n\t\t\t\t<\/div>\n\t\t\t\t<\/div>","protected":false},"excerpt":{"rendered":"<p>S\u0105vokos ir nuorodos Bendrasis duomen\u0173 apsaugos reglamentas,\u00a0Reglamentas (ES) 2016\/679, BDAR\u00a0\u2013 2016 m. baland\u017eio 27 d. Europos Parlamento ir Tarybos reglamentas (ES) 2016\/679 d\u0117l fizini\u0173 asmen\u0173 apsaugos tvarkant asmens duomenis ir d\u0117l laisvo toki\u0173 duomen\u0173 jud\u0117jimo ir kuriuo panaikinama Direktyva 95\/46\/EB (Bendrasis duomen\u0173 apsaugos reglamentas). Asmens duomenys\u00a0\u2013 bet kokia informacija apie fizin\u012f asmen\u012f, kurio tapatyb\u0117 nustatyta [&hellip;]<\/p>\n","protected":false},"author":255856557,"featured_media":0,"parent":0,"menu_order":0,"comment_status":"closed","ping_status":"closed","template":"","meta":{"_eb_attr":"","_crdt_document":"","site-sidebar-layout":"no-sidebar","site-content-layout":"page-builder","ast-site-content-layout":"full-width-container","site-content-style":"default","site-sidebar-style":"default","ast-global-header-display":"","ast-banner-title-visibility":"","ast-main-header-display":"","ast-hfb-above-header-display":"","ast-hfb-below-header-display":"","ast-hfb-mobile-header-display":"","site-post-title":"disabled","ast-breadcrumbs-content":"","ast-featured-img":"disabled","footer-sml-layout":"","ast-disable-related-posts":"","theme-transparent-header-meta":"","adv-header-id-meta":"","stick-header-meta":"","header-above-stick-meta":"","header-main-stick-meta":"","header-below-stick-meta":"","astra-migrate-meta-layouts":"set","ast-page-background-enabled":"default","ast-page-background-meta":{"desktop":{"background-color":"","background-image":"","background-repeat":"repeat","background-position":"center center","background-size":"auto","background-attachment":"scroll","background-type":"","background-media":"","overlay-type":"","overlay-color":"","overlay-opacity":"","overlay-gradient":""},"tablet":{"background-color":"","background-image":"","background-repeat":"repeat","background-position":"center center","background-size":"auto","background-attachment":"scroll","background-type":"","background-media":"","overlay-type":"","overlay-color":"","overlay-opacity":"","overlay-gradient":""},"mobile":{"background-color":"","background-image":"","background-repeat":"repeat","background-position":"center center","background-size":"auto","background-attachment":"scroll","background-type":"","background-media":"","overlay-type":"","overlay-color":"","overlay-opacity":"","overlay-gradient":""}},"ast-content-background-meta":{"desktop":{"background-color":"var(--ast-global-color-5)","background-image":"","background-repeat":"repeat","background-position":"center center","background-size":"auto","background-attachment":"scroll","background-type":"","background-media":"","overlay-type":"","overlay-color":"","overlay-opacity":"","overlay-gradient":""},"tablet":{"background-color":"var(--ast-global-color-5)","background-image":"","background-repeat":"repeat","background-position":"center center","background-size":"auto","background-attachment":"scroll","background-type":"","background-media":"","overlay-type":"","overlay-color":"","overlay-opacity":"","overlay-gradient":""},"mobile":{"background-color":"var(--ast-global-color-5)","background-image":"","background-repeat":"repeat","background-position":"center center","background-size":"auto","background-attachment":"scroll","background-type":"","background-media":"","overlay-type":"","overlay-color":"","overlay-opacity":"","overlay-gradient":""}},"advanced_seo_description":"","jetpack_seo_html_title":"","jetpack_seo_noindex":false,"footnotes":""},"class_list":["post-2174","page","type-page","status-publish","hentry"],"jetpack_sharing_enabled":true,"jetpack_shortlink":"https:\/\/wp.me\/Pg30tY-z4","jetpack-related-posts":[{"id":2280,"url":"https:\/\/vismc.lt\/en\/duk\/","url_meta":{"origin":2174,"position":0},"title":"F.A.Q","author":"laurynassalys","date":"2024-11-25","format":false,"excerpt":"Da\u017enai u\u017eduodami klausimai Kaip u\u017esiregistruoti \u012f edukacines veiklas?Registracija vyksta telefonu (+370) 5 2343944 i\u0161 anksto numatant kokios edukacin\u0117s veiklos domina. Kaip apmok\u0117ti u\u017e edukacijas?Apmok\u0117ti galima:1. Apmokant mok\u0117jimo pavedimu \u012f s\u0105skait\u0105 Nr. LT72 4010 0510 0512 0700. Mok\u0117jimo paskirtyje nurodant ugdymo \u012fstaigos pavadinim\u0105, dalyvi\u0173 klas\u0119\/grup\u0119, vaik\u0173 skai\u010di\u0173.2. I\u0161 anksto u\u017esakant s\u0105skait\u0105\u2026","rel":"","context":"Similar post","block_context":{"text":"Similar post","link":""},"img":{"alt_text":"","src":"","width":0,"height":0},"classes":[]},{"id":6035,"url":"https:\/\/vismc.lt\/en\/sveikatai-palankus-igudziai\/","url_meta":{"origin":2174,"position":1},"title":"Sveikatai palank\u016bs \u012fg\u016bd\u017eiai","author":"tomasjuodvirsis","date":"2025-11-11","format":false,"excerpt":"SVEIKATAI PALANK\u016aS \u012eG\u016aD\u017dIAI Prie\u0161mokyklinio am\u017eiaus vaikams 1-4 klasi\u0173 mokiniams \u017diniosGeb\u0117jimaiVertybin\u0117s nuostatosPraktin\u0117 veiklaSupranta dienos re\u017eimo, asmens higienos svarb\u0105, kad sveikas maistas padeda augti ir b\u016bti stipriam. \u017dino, kad d\u016bmai ir r\u016bkymas kenkia sveikatai.Geba atpa\u017einti d\u016bmus ar kit\u0105 \u017ealing\u0105 elges\u012f ir pasakyti \u201ene\u201c. Supranta, kad sveikiau \u017eaisti ir gyventi be \u017ealing\u0173 \u012fpro\u010di\u0173.Skatinamas\u2026","rel":"","context":"Similar post","block_context":{"text":"Similar post","link":""},"img":{"alt_text":"","src":"https:\/\/i0.wp.com\/vismc.lt\/wp-content\/uploads\/2025\/11\/Sveikatai_palankus_igudziai_22_INT-960x1024.png?resize=350%2C200&ssl=1","width":350,"height":200,"srcset":"https:\/\/i0.wp.com\/vismc.lt\/wp-content\/uploads\/2025\/11\/Sveikatai_palankus_igudziai_22_INT-960x1024.png?resize=350%2C200&ssl=1 1x, https:\/\/i0.wp.com\/vismc.lt\/wp-content\/uploads\/2025\/11\/Sveikatai_palankus_igudziai_22_INT-960x1024.png?resize=525%2C300&ssl=1 1.5x, https:\/\/i0.wp.com\/vismc.lt\/wp-content\/uploads\/2025\/11\/Sveikatai_palankus_igudziai_22_INT-960x1024.png?resize=700%2C400&ssl=1 2x"},"classes":[]},{"id":2180,"url":"https:\/\/vismc.lt\/en\/teisine-informacija\/","url_meta":{"origin":2174,"position":2},"title":"Legal information","author":"laurynassalys","date":"2024-11-25","format":false,"excerpt":"Teisin\u0117 informacija Pagalba nuo nusikalstamos veikos nukent\u0117jusiems asmenims\u00a0\u00a0\u00a0\u00a0 Lietuvos Respublikos socialin\u0117s apsaugos ir darbo ministerija (toliau \u2013 SADM) informuoja, kad 2024 metais visoje Lietuvoje akredituot\u0105 pagalb\u0105 nukent\u0117jusiems asmenims organizuoja ir teikia 23 pagalbos tarnybos. Kaip rasti pagalbos tarnyb\u0105?\u00a0\u00a0\u00a0\u00a0 Informacij\u0105 apie pagalbos tarnybas ir j\u0173 teikiam\u0105 pagalb\u0105 teikia\u00a0pirmojo kontakto institucijos: ikiteisminio\u2026","rel":"","context":"Similar post","block_context":{"text":"Similar post","link":""},"img":{"alt_text":"","src":"https:\/\/i0.wp.com\/vismc.lt\/wp-content\/uploads\/2024\/11\/2024-10-03_SADM_PT-sarasas_Page_1-724x1024-1.png?resize=350%2C200&ssl=1","width":350,"height":200,"srcset":"https:\/\/i0.wp.com\/vismc.lt\/wp-content\/uploads\/2024\/11\/2024-10-03_SADM_PT-sarasas_Page_1-724x1024-1.png?resize=350%2C200&ssl=1 1x, https:\/\/i0.wp.com\/vismc.lt\/wp-content\/uploads\/2024\/11\/2024-10-03_SADM_PT-sarasas_Page_1-724x1024-1.png?resize=525%2C300&ssl=1 1.5x, https:\/\/i0.wp.com\/vismc.lt\/wp-content\/uploads\/2024\/11\/2024-10-03_SADM_PT-sarasas_Page_1-724x1024-1.png?resize=700%2C400&ssl=1 2x"},"classes":[]},{"id":1965,"url":"https:\/\/vismc.lt\/en\/zalingu-iprociu-prevencija\/","url_meta":{"origin":2174,"position":3},"title":"\u017daling\u0173 \u012fpro\u010di\u0173 prevencija &#8211; edu. veiklos","author":"laurynassalys","date":"2024-11-21","format":false,"excerpt":"\u017dALING\u0172 \u012ePRO\u010cI\u0172 PREVENCIJA Psichoaktyvi\u0173j\u0173 med\u017eiag\u0173 prevencijos programos mokiniams suteikia \u017eini\u0173\u00a0apie \u0161i\u0173 med\u017eiag\u0173 keliamus pavojus sveikatai ir gyvenimo kokybei. Jos ugdo kritin\u012f m\u0105stym\u0105, padeda suprasti, kod\u0117l svarbu rinktis j\u0173 nevartoti.Mokiniai mokomi, kaip atpa\u017einti ir atsispirti bendraam\u017ei\u0173 spaudimui. Pavyzd\u017eiui, svarbu tur\u0117ti ai\u0161k\u0173 atsakym\u0105 ir stipri\u0105 savimon\u0119, kad b\u016bt\u0173 galima pasakyti \u201ene\u201c, net\u2026","rel":"","context":"Similar post","block_context":{"text":"Similar post","link":""},"img":{"alt_text":"","src":"https:\/\/i0.wp.com\/vismc.lt\/wp-content\/uploads\/2025\/03\/ZALING-IPROCIU-PREVENCIJA.png?resize=350%2C200&ssl=1","width":350,"height":200},"classes":[]},{"id":1979,"url":"https:\/\/vismc.lt\/en\/civiline-sauga\/","url_meta":{"origin":2174,"position":4},"title":"Civilin\u0117 Sauga &#8211; edu. veiklos","author":"laurynassalys","date":"2024-11-21","format":false,"excerpt":"CIVILIN\u0116 SAUGA Civilin\u0117s saugos mokymai ugdo vaik\u0173 s\u0105moningum\u0105 ir geb\u0117jimus, kurie yra b\u016btini kasdieniame gyvenime, padeda formuoti atsakingus pilie\u010dius ir pasirengim\u0105 \u012fvairioms situacijoms, kad gal\u0117t\u0173 apsaugoti save ir kitus nelaim\u0117s atveju. Prie\u0161mokyklinio am\u017eiaus vaikams 1-4 klasi\u0173 mokiniams 5-8 klasi\u0173 mokiniams 9\u201312 klasi\u0173 mokiniams \u00a0Saugumas ir rizikos suvokimas: Ma\u017ei vaikai turi\u2026","rel":"","context":"Similar post","block_context":{"text":"Similar post","link":""},"img":{"alt_text":"","src":"https:\/\/i0.wp.com\/vismc.lt\/wp-content\/uploads\/2025\/03\/CIVILINE-SAUGA-2-1.png?resize=350%2C200&ssl=1","width":350,"height":200},"classes":[]},{"id":2237,"url":"https:\/\/vismc.lt\/en\/patyciu-dezute\/","url_meta":{"origin":2174,"position":5},"title":"Bully Box","author":"laurynassalys","date":"2024-11-25","format":false,"excerpt":"Gerbiami t\u0117veliai, kolegos, r\u0117m\u0117jai,\u00a0\u00a0\u00a0\u00a0\u00a0\u00a0\u00a0\u00a0\u00a0 Nuo\u0161ird\u017eiai d\u0117kojame visiems, norintiems Vilniaus saugaus miesto centrui skirti iki 2 proc. (GMP) param\u0105, kuri bus racionaliai panaudota VSMC veikloje.\u00a0\u00a0\u00a0\u00a0\u00a0\u00a0\u00a0\u00a0 \u0160i\u0105 param\u0105 galima skirti pateikus pra\u0161ym\u0105 Valstybinei mokes\u010di\u0173 inspekcijai (Forma FR0512903 versija) arba pra\u0161ym\u0105 pildyti elektroninio deklaravimo sistemoje (EDS) iki liepos 1 d.\u00a0https:\/\/deklaravimas.vmi.lt.Vilniaus saugaus miesto centro\u2026","rel":"","context":"Similar post","block_context":{"text":"Similar post","link":""},"img":{"alt_text":"","src":"https:\/\/i0.wp.com\/vismc.lt\/wp-content\/uploads\/2021\/04\/VSMC_LOGO_BE_FONO_G_M_SVET_200X200-300x113.png?resize=350%2C200&ssl=1","width":350,"height":200},"classes":[]}],"_links":{"self":[{"href":"https:\/\/vismc.lt\/en\/wp-json\/wp\/v2\/pages\/2174","targetHints":{"allow":["GET"]}}],"collection":[{"href":"https:\/\/vismc.lt\/en\/wp-json\/wp\/v2\/pages"}],"about":[{"href":"https:\/\/vismc.lt\/en\/wp-json\/wp\/v2\/types\/page"}],"author":[{"embeddable":true,"href":"https:\/\/vismc.lt\/en\/wp-json\/wp\/v2\/users\/255856557"}],"replies":[{"embeddable":true,"href":"https:\/\/vismc.lt\/en\/wp-json\/wp\/v2\/comments?post=2174"}],"version-history":[{"count":23,"href":"https:\/\/vismc.lt\/en\/wp-json\/wp\/v2\/pages\/2174\/revisions"}],"predecessor-version":[{"id":3124,"href":"https:\/\/vismc.lt\/en\/wp-json\/wp\/v2\/pages\/2174\/revisions\/3124"}],"wp:attachment":[{"href":"https:\/\/vismc.lt\/en\/wp-json\/wp\/v2\/media?parent=2174"}],"curies":[{"name":"wp","href":"https:\/\/api.w.org\/{rel}","templated":true}]}}